{"id":12,"date":"2020-11-25T13:58:41","date_gmt":"2020-11-25T13:58:41","guid":{"rendered":"http:\/\/www.aalstrupsmykkerogure.dk\/?page_id=12"},"modified":"2020-12-06T13:31:01","modified_gmt":"2020-12-06T13:31:01","slug":"det-nye-umoma-aabner-doerene-2","status":"publish","type":"page","link":"http:\/\/www.aalstrupsmykkerogure.dk\/","title":{"rendered":"Aalstrup Smykker &#038; Ure"},"content":{"rendered":"\n<p><\/p>\n\n\n\n<p><\/p>\n\n\n\n<p><\/p>\n\n\n\n<p><\/p>\n\n\n\n<p><\/p>\n\n\n\n<p><\/p>\n\n\n\n<div class=\"wp-block-group alignwide\"><div class=\"wp-block-group__inner-container is-layout-flow wp-block-group-is-layout-flow\">\n<h2 class=\"has-text-align-center wp-block-heading\">Hjemmesiden er under udvikling <\/h2>\n\n\n\n<h2 class=\"has-text-align-center wp-block-heading\">Kig indenfor hos Aalstrup Smykker &amp; Ure<\/h2>\n\n\n\n<p class=\"has-text-align-center\">Algade 7, 9700 Br\u00f8nderslev<\/p>\n\n\n\n<h2 class=\"has-text-align-center wp-block-heading\">&#8230;eller kontakt os p\u00e5 911 511 20<\/h2>\n\n\n\n<p><\/p>\n\n\n\n<p>\u00c5bningstider:<\/p>\n\n\n\n<p>Mandag &#8211; fredag: 10-17.30<\/p>\n\n\n\n<p>L\u00f8rdag:                     10-13<\/p>\n\n\n\n<p>Udvidede \u00e5bningstider indtil 23\/12-20<\/p>\n\n\n\n<p>S\u00f8ndag 6\/12, 13\/12, 20\/12:   11 til cirka 15<\/p>\n\n\n\n<p>Derudover er \u00e5bningstiden ret fleksibel. Vi har \u00e5bent s\u00e5 l\u00e6nge der er kunder \ud83d\ude42<\/p>\n\n\n\n<p><\/p>\n\n\n\n<p class=\"has-text-align-center\"><\/p>\n\n\n\n<p><\/p>\n<\/div><\/div>\n\n\n\n<div class=\"wp-block-columns alignwide is-layout-flex wp-container-core-columns-is-layout-1 wp-block-columns-is-layout-flex\">\n<div class=\"wp-block-column is-layout-flow wp-block-column-is-layout-flow\">\n<div class=\"wp-block-group is-layout-flow wp-block-group-is-layout-flow\"><div class=\"wp-block-group__inner-container\"><\/div><\/div>\n\n\n\n<div class=\"wp-block-group is-layout-flow wp-block-group-is-layout-flow\"><div class=\"wp-block-group__inner-container\"><\/div><\/div>\n<\/div>\n\n\n\n<div class=\"wp-block-column is-layout-flow wp-block-column-is-layout-flow\">\n<div class=\"wp-block-group is-layout-flow wp-block-group-is-layout-flow\"><div class=\"wp-block-group__inner-container\"><\/div><\/div>\n\n\n\n<div class=\"wp-block-group is-layout-flow wp-block-group-is-layout-flow\"><div class=\"wp-block-group__inner-container\"><\/div><\/div>\n<\/div>\n<\/div>\n\n\n\n<div class=\"wp-block-group alignwide is-layout-flow wp-block-group-is-layout-flow\"><div class=\"wp-block-group__inner-container\"><\/div><\/div>\n\n\n\n<p><\/p>\n\n\n\n<div class=\"wp-block-group alignwide has-background\" style=\"background-color:#ffffff\"><div class=\"wp-block-group__inner-container is-layout-flow wp-block-group-is-layout-flow\">\n<div class=\"wp-block-group is-layout-flow wp-block-group-is-layout-flow\"><div class=\"wp-block-group__inner-container\"><\/div><\/div>\n<\/div><\/div>\n\n\n\n<p><\/p>\n","protected":false},"excerpt":{"rendered":"<p>Hjemmesiden er under udvikling Kig indenfor hos Aalstrup Smykker &amp; Ure Algade 7, 9700 Br\u00f8nderslev &#8230;eller kontakt os p\u00e5 911 511 20 \u00c5bningstider: Mandag &#8211; fredag: 10-17.30 L\u00f8rdag: 10-13 Udvidede \u00e5bningstider indtil 23\/12-20 S\u00f8ndag 6\/12, 13\/12, 20\/12: 11 til cirka 15 Derudover er \u00e5bningstiden ret fleksibel. Vi har \u00e5bent s\u00e5 l\u00e6nge der er kunder \ud83d\ude42<\/p>\n","protected":false},"author":1,"featured_media":11,"parent":0,"menu_order":0,"comment_status":"closed","ping_status":"closed","template":"","meta":{"footnotes":""},"_links":{"self":[{"href":"http:\/\/www.aalstrupsmykkerogure.dk\/index.php?rest_route=\/wp\/v2\/pages\/12"}],"collection":[{"href":"http:\/\/www.aalstrupsmykkerogure.dk\/index.php?rest_route=\/wp\/v2\/pages"}],"about":[{"href":"http:\/\/www.aalstrupsmykkerogure.dk\/index.php?rest_route=\/wp\/v2\/types\/page"}],"author":[{"embeddable":true,"href":"http:\/\/www.aalstrupsmykkerogure.dk\/index.php?rest_route=\/wp\/v2\/users\/1"}],"replies":[{"embeddable":true,"href":"http:\/\/www.aalstrupsmykkerogure.dk\/index.php?rest_route=%2Fwp%2Fv2%2Fcomments&post=12"}],"version-history":[{"count":7,"href":"http:\/\/www.aalstrupsmykkerogure.dk\/index.php?rest_route=\/wp\/v2\/pages\/12\/revisions"}],"predecessor-version":[{"id":59,"href":"http:\/\/www.aalstrupsmykkerogure.dk\/index.php?rest_route=\/wp\/v2\/pages\/12\/revisions\/59"}],"wp:featuredmedia":[{"embeddable":true,"href":"http:\/\/www.aalstrupsmykkerogure.dk\/index.php?rest_route=\/wp\/v2\/media\/11"}],"wp:attachment":[{"href":"http:\/\/www.aalstrupsmykkerogure.dk\/index.php?rest_route=%2Fwp%2Fv2%2Fmedia&parent=12"}],"curies":[{"name":"wp","href":"https:\/\/api.w.org\/{rel}","templated":true}]}}